{"id":2,"date":"2021-12-30T12:28:36","date_gmt":"2021-12-30T12:28:36","guid":{"rendered":"https:\/\/architektbezbarier.pl\/?page_id=2"},"modified":"2022-01-23T10:11:42","modified_gmt":"2022-01-23T10:11:42","slug":"sample-page","status":"publish","type":"page","link":"https:\/\/architektbezbarier.pl\/index.php\/sample-page\/","title":{"rendered":"My"},"content":{"rendered":"\n<p>Co wsp\u00f3lnie tutaj mo\u017cemy zrobi\u0107 &#8230; <\/p>\n","protected":false},"excerpt":{"rendered":"<p>Co wsp\u00f3lnie tutaj mo\u017cemy zrobi\u0107 &#8230;<\/p>\n","protected":false},"author":1,"featured_media":0,"parent":0,"menu_order":0,"comment_status":"closed","ping_status":"open","template":"","meta":[],"_links":{"self":[{"href":"https:\/\/architektbezbarier.pl\/index.php\/wp-json\/wp\/v2\/pages\/2"}],"collection":[{"href":"https:\/\/architektbezbarier.pl\/index.php\/wp-json\/wp\/v2\/pages"}],"about":[{"href":"https:\/\/architektbezbarier.pl\/index.php\/wp-json\/wp\/v2\/types\/page"}],"author":[{"embeddable":true,"href":"https:\/\/architektbezbarier.pl\/index.php\/wp-json\/wp\/v2\/users\/1"}],"replies":[{"embeddable":true,"href":"https:\/\/architektbezbarier.pl\/index.php\/wp-json\/wp\/v2\/comments?post=2"}],"version-history":[{"count":2,"href":"https:\/\/architektbezbarier.pl\/index.php\/wp-json\/wp\/v2\/pages\/2\/revisions"}],"predecessor-version":[{"id":47,"href":"https:\/\/architektbezbarier.pl\/index.php\/wp-json\/wp\/v2\/pages\/2\/revisions\/47"}],"wp:attachment":[{"href":"https:\/\/architektbezbarier.pl\/index.php\/wp-json\/wp\/v2\/media?parent=2"}],"curies":[{"name":"wp","href":"https:\/\/api.w.org\/{rel}","templated":true}]}}